{"id":405,"date":"2020-04-20T17:20:10","date_gmt":"2020-04-20T15:20:10","guid":{"rendered":"https:\/\/www.topmerkspecialist.nl\/in-mbsg\/?page_id=405"},"modified":"2021-08-23T13:49:52","modified_gmt":"2021-08-23T11:49:52","slug":"service-onderhoud","status":"publish","type":"page","link":"https:\/\/www.topmerkspecialist.nl\/in-mbsg\/service-onderhoud\/","title":{"rendered":"Mercedes Service &#038; onderhoud"},"content":{"rendered":"<h3>MBSG: Voor onderhoud, reparatie \u00e9n APK aan uw Mercedes-Benz<\/h3>\n<p>Hetzelfde geldt voor schade en reparatie aan uw Mercedes-Benz. En dat allemaal tegen duidelijke vooraf afgesproken prijzen.<br \/>\nIn onze werkplaatsen wordt u geadviseerd en geholpen door teams van ervaren en vakkundige monteurs. MBSG, d\u00e9 plek voor Mercedes onderhoud en service!<\/p>\n<p>Ze werken vanuit \u00e9\u00e9n doel: u zo snel mogelijk weer op weg te helpen. Natuurlijk gebruiken we geavanceerde testapparatuur en voeren we het onderhoud uit volgens de fabrieksvoorschriften van Mercedes-Benz. Op deze manier kunnen wij u de kwaliteit en veiligheid garanderen die u van ons verwacht.<\/p>\n<p>Wij zijn in het bezit zijn van de technische- en onderhoudsgegevens van alle merken auto\u2019s, met als specialisatie<strong>\u00a0Mercedes-Benz<\/strong>. Onze Merkspecialisten beschikken over originele onderdelen, waarbij het onderhoud altijd conform de voorschriften van de fabrikant uitgevoerd wordt. Wanneer u na de garantieperiode goedkopere onderdelen wenst te gebruiken, dan willen wij u graag over deze mogelijkheden informeren en u hierover adviseren.<\/p>\n<p><strong>Uiteraard is, indien gewenst, vervangend vervoer bij onze MBSG Merkspecialisten beschikbaar.<\/strong><\/p>\n<p><a class=\"btns primary\" href=\"https:\/\/www.topmerkspecialist.nl\/in-mbsg\/onze-leden\/\">Zoek uw Merkspecialist in Mercedes-Benz<\/a><\/p>\n<p>Alle handelingen in de werkplaats worden uitgevoerd op basis van de beschikbare fabrieksspecificaties en conform <a href=\"https:\/\/www.bovag.nl\/garantie\" target=\"_blank\" rel=\"noopener noreferrer\">BOVAG voorwaarden<\/a>. Via de link hiervoor kunt u daar meer over lezen!<\/p>\n","protected":false},"excerpt":{"rendered":"<p>MBSG: Voor onderhoud, reparatie \u00e9n APK aan uw Mercedes-Benz Hetzelfde geldt voor schade en reparatie aan uw Mercedes-Benz. En dat allemaal tegen duidelijke vooraf afgesproken prijzen. In onze werkplaatsen wordt u geadviseerd en geholpen door teams van ervaren en vakkundige monteurs. MBSG, d\u00e9 plek voor Mercedes onderhoud en service! Ze werken vanuit \u00e9\u00e9n doel: u [&hellip;]<\/p>\n","protected":false},"author":1,"featured_media":2326,"parent":0,"menu_order":0,"comment_status":"closed","ping_status":"closed","template":"page-diensten.php","meta":{"_acf_changed":false,"footnotes":""},"class_list":["post-405","page","type-page","status-publish","has-post-thumbnail","hentry"],"acf":[],"yoast_head":"<!-- This site is optimized with the Yoast SEO plugin v25.5 - https:\/\/yoast.com\/wordpress\/plugins\/seo\/ -->\n<title>Mercedes Service en onderhoud | MBSG in Mercedes | Auto-onderhoud<\/title>\n<meta name=\"description\" content=\"Betrouwbare Mercedes service en vakkundig onderhoud. Dat mag u verwachten van uw MBSG in Mercedes. Maak een afspraak via onze site!\" \/>\n<meta name=\"robots\" content=\"index, follow, max-snippet:-1, max-image-preview:large, max-video-preview:-1\" \/>\n<link rel=\"canonical\" href=\"https:\/\/www.topmerkspecialist.nl\/in-mbsg\/service-onderhoud\/\" \/>\n<meta property=\"og:locale\" content=\"nl_NL\" \/>\n<meta property=\"og:type\" content=\"article\" \/>\n<meta property=\"og:title\" content=\"Mercedes Service en onderhoud | MBSG in Mercedes | Auto-onderhoud\" \/>\n<meta property=\"og:description\" content=\"Betrouwbare Mercedes service en vakkundig onderhoud. Dat mag u verwachten van uw MBSG in Mercedes. Maak een afspraak via onze site!\" \/>\n<meta property=\"og:url\" content=\"https:\/\/www.topmerkspecialist.nl\/in-mbsg\/service-onderhoud\/\" \/>\n<meta property=\"og:site_name\" content=\"TOP - merkspecialist in Mercedes\" \/>\n<meta property=\"article:modified_time\" content=\"2021-08-23T11:49:52+00:00\" \/>\n<meta property=\"og:image\" content=\"https:\/\/www.topmerkspecialist.nl\/in-mbsg\/wp-content\/uploads\/2021\/06\/Klaas-Hobo.jpg\" \/>\n\t<meta property=\"og:image:width\" content=\"1440\" \/>\n\t<meta property=\"og:image:height\" content=\"960\" \/>\n\t<meta property=\"og:image:type\" content=\"image\/jpeg\" \/>\n<meta name=\"twitter:card\" content=\"summary_large_image\" \/>\n<meta name=\"twitter:label1\" content=\"Geschatte leestijd\" \/>\n\t<meta name=\"twitter:data1\" content=\"1 minuut\" \/>\n<script type=\"application\/ld+json\" class=\"yoast-schema-graph\">{\"@context\":\"https:\/\/schema.org\",\"@graph\":[{\"@type\":\"WebPage\",\"@id\":\"https:\/\/www.topmerkspecialist.nl\/in-mbsg\/service-onderhoud\/\",\"url\":\"https:\/\/www.topmerkspecialist.nl\/in-mbsg\/service-onderhoud\/\",\"name\":\"Mercedes Service en onderhoud | MBSG in Mercedes | Auto-onderhoud\",\"isPartOf\":{\"@id\":\"https:\/\/www.topmerkspecialist.nl\/in-mbsg\/#website\"},\"primaryImageOfPage\":{\"@id\":\"https:\/\/www.topmerkspecialist.nl\/in-mbsg\/service-onderhoud\/#primaryimage\"},\"image\":{\"@id\":\"https:\/\/www.topmerkspecialist.nl\/in-mbsg\/service-onderhoud\/#primaryimage\"},\"thumbnailUrl\":\"https:\/\/www.topmerkspecialist.nl\/in-mbsg\/wp-content\/uploads\/2021\/06\/Klaas-Hobo.jpg\",\"datePublished\":\"2020-04-20T15:20:10+00:00\",\"dateModified\":\"2021-08-23T11:49:52+00:00\",\"description\":\"Betrouwbare Mercedes service en vakkundig onderhoud. Dat mag u verwachten van uw MBSG in Mercedes. Maak een afspraak via onze site!\",\"inLanguage\":\"nl-NL\",\"potentialAction\":[{\"@type\":\"ReadAction\",\"target\":[\"https:\/\/www.topmerkspecialist.nl\/in-mbsg\/service-onderhoud\/\"]}]},{\"@type\":\"ImageObject\",\"inLanguage\":\"nl-NL\",\"@id\":\"https:\/\/www.topmerkspecialist.nl\/in-mbsg\/service-onderhoud\/#primaryimage\",\"url\":\"https:\/\/www.topmerkspecialist.nl\/in-mbsg\/wp-content\/uploads\/2021\/06\/Klaas-Hobo.jpg\",\"contentUrl\":\"https:\/\/www.topmerkspecialist.nl\/in-mbsg\/wp-content\/uploads\/2021\/06\/Klaas-Hobo.jpg\",\"width\":1440,\"height\":960,\"caption\":\"Mercedes onderhoud\"},{\"@type\":\"WebSite\",\"@id\":\"https:\/\/www.topmerkspecialist.nl\/in-mbsg\/#website\",\"url\":\"https:\/\/www.topmerkspecialist.nl\/in-mbsg\/\",\"name\":\"TOP - merkspecialist in Mercedes\",\"description\":\"TOP - merkspecialist in Mercedes\",\"potentialAction\":[{\"@type\":\"SearchAction\",\"target\":{\"@type\":\"EntryPoint\",\"urlTemplate\":\"https:\/\/www.topmerkspecialist.nl\/in-mbsg\/?s={search_term_string}\"},\"query-input\":{\"@type\":\"PropertyValueSpecification\",\"valueRequired\":true,\"valueName\":\"search_term_string\"}}],\"inLanguage\":\"nl-NL\"}]}<\/script>\n<!-- \/ Yoast SEO plugin. -->","yoast_head_json":{"title":"Mercedes Service en onderhoud | MBSG in Mercedes | Auto-onderhoud","description":"Betrouwbare Mercedes service en vakkundig onderhoud. Dat mag u verwachten van uw MBSG in Mercedes. Maak een afspraak via onze site!","robots":{"index":"index","follow":"follow","max-snippet":"max-snippet:-1","max-image-preview":"max-image-preview:large","max-video-preview":"max-video-preview:-1"},"canonical":"https:\/\/www.topmerkspecialist.nl\/in-mbsg\/service-onderhoud\/","og_locale":"nl_NL","og_type":"article","og_title":"Mercedes Service en onderhoud | MBSG in Mercedes | Auto-onderhoud","og_description":"Betrouwbare Mercedes service en vakkundig onderhoud. Dat mag u verwachten van uw MBSG in Mercedes. Maak een afspraak via onze site!","og_url":"https:\/\/www.topmerkspecialist.nl\/in-mbsg\/service-onderhoud\/","og_site_name":"TOP - merkspecialist in Mercedes","article_modified_time":"2021-08-23T11:49:52+00:00","og_image":[{"width":1440,"height":960,"url":"https:\/\/www.topmerkspecialist.nl\/in-mbsg\/wp-content\/uploads\/2021\/06\/Klaas-Hobo.jpg","type":"image\/jpeg"}],"twitter_card":"summary_large_image","twitter_misc":{"Geschatte leestijd":"1 minuut"},"schema":{"@context":"https:\/\/schema.org","@graph":[{"@type":"WebPage","@id":"https:\/\/www.topmerkspecialist.nl\/in-mbsg\/service-onderhoud\/","url":"https:\/\/www.topmerkspecialist.nl\/in-mbsg\/service-onderhoud\/","name":"Mercedes Service en onderhoud | MBSG in Mercedes | Auto-onderhoud","isPartOf":{"@id":"https:\/\/www.topmerkspecialist.nl\/in-mbsg\/#website"},"primaryImageOfPage":{"@id":"https:\/\/www.topmerkspecialist.nl\/in-mbsg\/service-onderhoud\/#primaryimage"},"image":{"@id":"https:\/\/www.topmerkspecialist.nl\/in-mbsg\/service-onderhoud\/#primaryimage"},"thumbnailUrl":"https:\/\/www.topmerkspecialist.nl\/in-mbsg\/wp-content\/uploads\/2021\/06\/Klaas-Hobo.jpg","datePublished":"2020-04-20T15:20:10+00:00","dateModified":"2021-08-23T11:49:52+00:00","description":"Betrouwbare Mercedes service en vakkundig onderhoud. Dat mag u verwachten van uw MBSG in Mercedes. Maak een afspraak via onze site!","inLanguage":"nl-NL","potentialAction":[{"@type":"ReadAction","target":["https:\/\/www.topmerkspecialist.nl\/in-mbsg\/service-onderhoud\/"]}]},{"@type":"ImageObject","inLanguage":"nl-NL","@id":"https:\/\/www.topmerkspecialist.nl\/in-mbsg\/service-onderhoud\/#primaryimage","url":"https:\/\/www.topmerkspecialist.nl\/in-mbsg\/wp-content\/uploads\/2021\/06\/Klaas-Hobo.jpg","contentUrl":"https:\/\/www.topmerkspecialist.nl\/in-mbsg\/wp-content\/uploads\/2021\/06\/Klaas-Hobo.jpg","width":1440,"height":960,"caption":"Mercedes onderhoud"},{"@type":"WebSite","@id":"https:\/\/www.topmerkspecialist.nl\/in-mbsg\/#website","url":"https:\/\/www.topmerkspecialist.nl\/in-mbsg\/","name":"TOP - merkspecialist in Mercedes","description":"TOP - merkspecialist in Mercedes","potentialAction":[{"@type":"SearchAction","target":{"@type":"EntryPoint","urlTemplate":"https:\/\/www.topmerkspecialist.nl\/in-mbsg\/?s={search_term_string}"},"query-input":{"@type":"PropertyValueSpecification","valueRequired":true,"valueName":"search_term_string"}}],"inLanguage":"nl-NL"}]}},"_links":{"self":[{"href":"https:\/\/www.topmerkspecialist.nl\/in-mbsg\/wp-json\/wp\/v2\/pages\/405","targetHints":{"allow":["GET"]}}],"collection":[{"href":"https:\/\/www.topmerkspecialist.nl\/in-mbsg\/wp-json\/wp\/v2\/pages"}],"about":[{"href":"https:\/\/www.topmerkspecialist.nl\/in-mbsg\/wp-json\/wp\/v2\/types\/page"}],"author":[{"embeddable":true,"href":"https:\/\/www.topmerkspecialist.nl\/in-mbsg\/wp-json\/wp\/v2\/users\/1"}],"replies":[{"embeddable":true,"href":"https:\/\/www.topmerkspecialist.nl\/in-mbsg\/wp-json\/wp\/v2\/comments?post=405"}],"version-history":[{"count":12,"href":"https:\/\/www.topmerkspecialist.nl\/in-mbsg\/wp-json\/wp\/v2\/pages\/405\/revisions"}],"predecessor-version":[{"id":2511,"href":"https:\/\/www.topmerkspecialist.nl\/in-mbsg\/wp-json\/wp\/v2\/pages\/405\/revisions\/2511"}],"wp:featuredmedia":[{"embeddable":true,"href":"https:\/\/www.topmerkspecialist.nl\/in-mbsg\/wp-json\/wp\/v2\/media\/2326"}],"wp:attachment":[{"href":"https:\/\/www.topmerkspecialist.nl\/in-mbsg\/wp-json\/wp\/v2\/media?parent=405"}],"curies":[{"name":"wp","href":"https:\/\/api.w.org\/{rel}","templated":true}]}}