{"id":609,"date":"2020-04-24T09:35:03","date_gmt":"2020-04-24T07:35:03","guid":{"rendered":"https:\/\/www.topmerkspecialist.nl\/pca\/?page_id=609"},"modified":"2021-08-16T14:06:04","modified_gmt":"2021-08-16T12:06:04","slug":"pca-merkspecialist-worden","status":"publish","type":"page","link":"https:\/\/www.topmerkspecialist.nl\/pca\/pca-merkspecialist-worden\/","title":{"rendered":"PCA Merkspecialist worden"},"content":{"rendered":"<p><img loading=\"lazy\" decoding=\"async\" class=\"alignnone wp-image-1282 size-full img-fluid\" src=\"https:\/\/www.topmerkspecialist.nl\/pca\/wp-content\/uploads\/2020\/10\/PCA-lid-worden.jpg\" alt=\"PCA Lid worden\" width=\"800\" height=\"1882\" srcset=\"https:\/\/www.topmerkspecialist.nl\/pca\/wp-content\/uploads\/2020\/10\/PCA-lid-worden.jpg 800w, https:\/\/www.topmerkspecialist.nl\/pca\/wp-content\/uploads\/2020\/10\/PCA-lid-worden-128x300.jpg 128w, https:\/\/www.topmerkspecialist.nl\/pca\/wp-content\/uploads\/2020\/10\/PCA-lid-worden-435x1024.jpg 435w, https:\/\/www.topmerkspecialist.nl\/pca\/wp-content\/uploads\/2020\/10\/PCA-lid-worden-768x1807.jpg 768w, https:\/\/www.topmerkspecialist.nl\/pca\/wp-content\/uploads\/2020\/10\/PCA-lid-worden-653x1536.jpg 653w\" sizes=\"auto, (max-width: 800px) 100vw, 800px\" \/><\/p>\n<p><a class=\"btns secondary\" href=\"\/contact\">Contact<\/a>\u00a0 <a class=\"btns primary\" href=\"\/afspraak-maken\">Afspraak maken<\/a><\/p>\n<p>Sinds enkele jaren maakt het autolandschap grote veranderingen door. Met daaraan gekoppeld een andere wijze van verkopen, hogere eisen, nieuwe concepten en technieken. Onafhankelijke autobedrijven met een merkspecialisatie ervaren de verandering in de markt en zoeken naar aansluiting. De vele multi-merk garageformules bieden dan niet waar zij naar op zoek zijn. Het kan anders!<\/p>\n<p><strong>Word PCA Merkspecialist in Peugeot en Citro\u00ebn<br \/>\n<\/strong><\/p>\n<p>Als universeel autobedrijf met een specialisme in Peugeot en Citro\u00ebn kunt u uw klantportfolio vergroten door Merkspecialist in Peugeot en Citro\u00ebn te worden. Reeds 50 autobedrijven zijn u al voor gegaan! Zowel in Nederland als in Belgi\u00eb. Onze eigen Merkspecialisten beoordelen de formule, in het onafhankelijke onderzoek van de BOVAG (ROSA), met maar liefst een 8,3!<\/p>\n<p>Iedere Merkspecialist krijgt gratis een eigen website, met uitstekende vindbaarheid en een occasionplatform. PCA Merkspecialisten biedt u ondersteuning in zowel online als offline marketing. Door de vrijheid van inkoop blijft u altijd baas in eigen bedrijf. Dankzij de gecombineerde inkoopkracht van meer dan 120 Merkspecialisten kunt u altijd gebruik maken van de zeer aantrekkelijke raamcontracten en bonusafspraken. Uw rendement vaart er wel bij.<\/p>\n<p>Enthousiast geworden?<br \/>\nWij komen graag langs voor een vrijblijvend gesprek! Maak telefonisch een afspraak of vul ons <a href=\"\/contact\">online contactformulier in.<\/a> Wij vertellen u in een vrijblijvend gesprek graag alles over de vele voordelen.<\/p>\n<p>&nbsp;<\/p>\n","protected":false},"excerpt":{"rendered":"<p>Contact\u00a0 Afspraak maken Sinds enkele jaren maakt het autolandschap grote veranderingen door. Met daaraan gekoppeld een andere wijze van verkopen, hogere eisen, nieuwe concepten en technieken. Onafhankelijke autobedrijven met een merkspecialisatie ervaren de verandering in de markt en zoeken naar aansluiting. De vele multi-merk garageformules bieden dan niet waar zij naar op zoek zijn. Het [&hellip;]<\/p>\n","protected":false},"author":1,"featured_media":0,"parent":0,"menu_order":0,"comment_status":"closed","ping_status":"closed","template":"","meta":{"_acf_changed":false,"footnotes":""},"class_list":["post-609","page","type-page","status-publish","hentry"],"acf":[],"yoast_head":"<!-- This site is optimized with the Yoast SEO plugin v27.4 - https:\/\/yoast.com\/product\/yoast-seo-wordpress\/ -->\n<title>PCA Merkspecialist worden? Sluit u aan bij PCA Merkspecialist<\/title>\n<meta name=\"description\" content=\"PCA Merkspecialist is onafhankelijk, transparant en u blijft baas in eigen bedrijf! Meer informatie? Bel dan 0575 \u2013 553495!\" \/>\n<meta name=\"robots\" content=\"index, follow, max-snippet:-1, max-image-preview:large, max-video-preview:-1\" \/>\n<link rel=\"canonical\" href=\"https:\/\/www.topmerkspecialist.nl\/pca\/pca-merkspecialist-worden\/\" \/>\n<meta property=\"og:locale\" content=\"nl_NL\" \/>\n<meta property=\"og:type\" content=\"article\" \/>\n<meta property=\"og:title\" content=\"PCA Merkspecialist worden? Sluit u aan bij PCA Merkspecialist\" \/>\n<meta property=\"og:description\" content=\"PCA Merkspecialist is onafhankelijk, transparant en u blijft baas in eigen bedrijf! Meer informatie? Bel dan 0575 \u2013 553495!\" \/>\n<meta property=\"og:url\" content=\"https:\/\/www.topmerkspecialist.nl\/pca\/pca-merkspecialist-worden\/\" \/>\n<meta property=\"og:site_name\" content=\"PCA - merkspecialist in Peugeot &amp; Citro\u00ebn\" \/>\n<meta property=\"article:publisher\" content=\"https:\/\/www.facebook.com\/PCAMerkspecialist\/\" \/>\n<meta property=\"article:modified_time\" content=\"2021-08-16T12:06:04+00:00\" \/>\n<meta property=\"og:image\" content=\"https:\/\/www.topmerkspecialist.nl\/pca\/wp-content\/uploads\/2020\/10\/PCA-lid-worden.jpg\" \/>\n<meta name=\"twitter:card\" content=\"summary_large_image\" \/>\n<meta name=\"twitter:label1\" content=\"Geschatte leestijd\" \/>\n\t<meta name=\"twitter:data1\" content=\"2 minuten\" \/>\n<script type=\"application\/ld+json\" class=\"yoast-schema-graph\">{\"@context\":\"https:\\\/\\\/schema.org\",\"@graph\":[{\"@type\":\"WebPage\",\"@id\":\"https:\\\/\\\/www.topmerkspecialist.nl\\\/pca\\\/pca-merkspecialist-worden\\\/\",\"url\":\"https:\\\/\\\/www.topmerkspecialist.nl\\\/pca\\\/pca-merkspecialist-worden\\\/\",\"name\":\"PCA Merkspecialist worden? Sluit u aan bij PCA Merkspecialist\",\"isPartOf\":{\"@id\":\"https:\\\/\\\/www.topmerkspecialist.nl\\\/pca\\\/#website\"},\"primaryImageOfPage\":{\"@id\":\"https:\\\/\\\/www.topmerkspecialist.nl\\\/pca\\\/pca-merkspecialist-worden\\\/#primaryimage\"},\"image\":{\"@id\":\"https:\\\/\\\/www.topmerkspecialist.nl\\\/pca\\\/pca-merkspecialist-worden\\\/#primaryimage\"},\"thumbnailUrl\":\"https:\\\/\\\/www.topmerkspecialist.nl\\\/pca\\\/wp-content\\\/uploads\\\/2020\\\/10\\\/PCA-lid-worden.jpg\",\"datePublished\":\"2020-04-24T07:35:03+00:00\",\"dateModified\":\"2021-08-16T12:06:04+00:00\",\"description\":\"PCA Merkspecialist is onafhankelijk, transparant en u blijft baas in eigen bedrijf! Meer informatie? Bel dan 0575 \u2013 553495!\",\"inLanguage\":\"nl-NL\",\"potentialAction\":[{\"@type\":\"ReadAction\",\"target\":[\"https:\\\/\\\/www.topmerkspecialist.nl\\\/pca\\\/pca-merkspecialist-worden\\\/\"]}]},{\"@type\":\"ImageObject\",\"inLanguage\":\"nl-NL\",\"@id\":\"https:\\\/\\\/www.topmerkspecialist.nl\\\/pca\\\/pca-merkspecialist-worden\\\/#primaryimage\",\"url\":\"https:\\\/\\\/www.topmerkspecialist.nl\\\/pca\\\/wp-content\\\/uploads\\\/2020\\\/10\\\/PCA-lid-worden.jpg\",\"contentUrl\":\"https:\\\/\\\/www.topmerkspecialist.nl\\\/pca\\\/wp-content\\\/uploads\\\/2020\\\/10\\\/PCA-lid-worden.jpg\",\"width\":800,\"height\":1882,\"caption\":\"PCA Lid worden\"},{\"@type\":\"WebSite\",\"@id\":\"https:\\\/\\\/www.topmerkspecialist.nl\\\/pca\\\/#website\",\"url\":\"https:\\\/\\\/www.topmerkspecialist.nl\\\/pca\\\/\",\"name\":\"PCA - merkspecialist in Peugeot & Citro\u00ebn\",\"description\":\"PCA - merkspecialist in Peugeot & Citro\u00ebn\",\"potentialAction\":[{\"@type\":\"SearchAction\",\"target\":{\"@type\":\"EntryPoint\",\"urlTemplate\":\"https:\\\/\\\/www.topmerkspecialist.nl\\\/pca\\\/?s={search_term_string}\"},\"query-input\":{\"@type\":\"PropertyValueSpecification\",\"valueRequired\":true,\"valueName\":\"search_term_string\"}}],\"inLanguage\":\"nl-NL\"}]}<\/script>\n<!-- \/ Yoast SEO plugin. -->","yoast_head_json":{"title":"PCA Merkspecialist worden? Sluit u aan bij PCA Merkspecialist","description":"PCA Merkspecialist is onafhankelijk, transparant en u blijft baas in eigen bedrijf! Meer informatie? Bel dan 0575 \u2013 553495!","robots":{"index":"index","follow":"follow","max-snippet":"max-snippet:-1","max-image-preview":"max-image-preview:large","max-video-preview":"max-video-preview:-1"},"canonical":"https:\/\/www.topmerkspecialist.nl\/pca\/pca-merkspecialist-worden\/","og_locale":"nl_NL","og_type":"article","og_title":"PCA Merkspecialist worden? Sluit u aan bij PCA Merkspecialist","og_description":"PCA Merkspecialist is onafhankelijk, transparant en u blijft baas in eigen bedrijf! Meer informatie? Bel dan 0575 \u2013 553495!","og_url":"https:\/\/www.topmerkspecialist.nl\/pca\/pca-merkspecialist-worden\/","og_site_name":"PCA - merkspecialist in Peugeot & Citro\u00ebn","article_publisher":"https:\/\/www.facebook.com\/PCAMerkspecialist\/","article_modified_time":"2021-08-16T12:06:04+00:00","og_image":[{"url":"https:\/\/www.topmerkspecialist.nl\/pca\/wp-content\/uploads\/2020\/10\/PCA-lid-worden.jpg","type":"","width":"","height":""}],"twitter_card":"summary_large_image","twitter_misc":{"Geschatte leestijd":"2 minuten"},"schema":{"@context":"https:\/\/schema.org","@graph":[{"@type":"WebPage","@id":"https:\/\/www.topmerkspecialist.nl\/pca\/pca-merkspecialist-worden\/","url":"https:\/\/www.topmerkspecialist.nl\/pca\/pca-merkspecialist-worden\/","name":"PCA Merkspecialist worden? Sluit u aan bij PCA Merkspecialist","isPartOf":{"@id":"https:\/\/www.topmerkspecialist.nl\/pca\/#website"},"primaryImageOfPage":{"@id":"https:\/\/www.topmerkspecialist.nl\/pca\/pca-merkspecialist-worden\/#primaryimage"},"image":{"@id":"https:\/\/www.topmerkspecialist.nl\/pca\/pca-merkspecialist-worden\/#primaryimage"},"thumbnailUrl":"https:\/\/www.topmerkspecialist.nl\/pca\/wp-content\/uploads\/2020\/10\/PCA-lid-worden.jpg","datePublished":"2020-04-24T07:35:03+00:00","dateModified":"2021-08-16T12:06:04+00:00","description":"PCA Merkspecialist is onafhankelijk, transparant en u blijft baas in eigen bedrijf! Meer informatie? Bel dan 0575 \u2013 553495!","inLanguage":"nl-NL","potentialAction":[{"@type":"ReadAction","target":["https:\/\/www.topmerkspecialist.nl\/pca\/pca-merkspecialist-worden\/"]}]},{"@type":"ImageObject","inLanguage":"nl-NL","@id":"https:\/\/www.topmerkspecialist.nl\/pca\/pca-merkspecialist-worden\/#primaryimage","url":"https:\/\/www.topmerkspecialist.nl\/pca\/wp-content\/uploads\/2020\/10\/PCA-lid-worden.jpg","contentUrl":"https:\/\/www.topmerkspecialist.nl\/pca\/wp-content\/uploads\/2020\/10\/PCA-lid-worden.jpg","width":800,"height":1882,"caption":"PCA Lid worden"},{"@type":"WebSite","@id":"https:\/\/www.topmerkspecialist.nl\/pca\/#website","url":"https:\/\/www.topmerkspecialist.nl\/pca\/","name":"PCA - merkspecialist in Peugeot & Citro\u00ebn","description":"PCA - merkspecialist in Peugeot & Citro\u00ebn","potentialAction":[{"@type":"SearchAction","target":{"@type":"EntryPoint","urlTemplate":"https:\/\/www.topmerkspecialist.nl\/pca\/?s={search_term_string}"},"query-input":{"@type":"PropertyValueSpecification","valueRequired":true,"valueName":"search_term_string"}}],"inLanguage":"nl-NL"}]}},"_links":{"self":[{"href":"https:\/\/www.topmerkspecialist.nl\/pca\/wp-json\/wp\/v2\/pages\/609","targetHints":{"allow":["GET"]}}],"collection":[{"href":"https:\/\/www.topmerkspecialist.nl\/pca\/wp-json\/wp\/v2\/pages"}],"about":[{"href":"https:\/\/www.topmerkspecialist.nl\/pca\/wp-json\/wp\/v2\/types\/page"}],"author":[{"embeddable":true,"href":"https:\/\/www.topmerkspecialist.nl\/pca\/wp-json\/wp\/v2\/users\/1"}],"replies":[{"embeddable":true,"href":"https:\/\/www.topmerkspecialist.nl\/pca\/wp-json\/wp\/v2\/comments?post=609"}],"version-history":[{"count":11,"href":"https:\/\/www.topmerkspecialist.nl\/pca\/wp-json\/wp\/v2\/pages\/609\/revisions"}],"predecessor-version":[{"id":2081,"href":"https:\/\/www.topmerkspecialist.nl\/pca\/wp-json\/wp\/v2\/pages\/609\/revisions\/2081"}],"wp:attachment":[{"href":"https:\/\/www.topmerkspecialist.nl\/pca\/wp-json\/wp\/v2\/media?parent=609"}],"curies":[{"name":"wp","href":"https:\/\/api.w.org\/{rel}","templated":true}]}}